{"id":142,"date":"2018-09-05T12:20:26","date_gmt":"2018-09-05T10:20:26","guid":{"rendered":"http:\/\/deserno2018.kaleidos.media\/?page_id=142"},"modified":"2024-05-07T21:45:58","modified_gmt":"2024-05-07T19:45:58","slug":"presse","status":"publish","type":"page","link":"https:\/\/katharinadeserno.de\/en\/presse\/","title":{"rendered":"Reviews"},"content":{"rendered":"\r\n<p><strong>In den besten H\u00e4nden<\/strong><br \/>\u201eKatharina Deserno ist eine exzellente Interpretin dieser Musik, die durch ihr expressives, deklamatorisches, Nuancierungen bewusst auskostendes Spiel besticht und einen eminenten Sinn f\u00fcr den Fokus auf dem Augenblick, der diese Musik eben kennzeichnet, beweist. Den virtuosen Anforderungen ist sie ohnehin souver\u00e4n gewachsen, und so ist Dinescus Musik bei ihr in den besten H\u00e4nden. [\u2026] Aus den drei Dinescu-Neuerscheinungen des laufenden Jahres, die ich f\u00fcr dieses Magazin begutachtet habe, verdient diese m.E. besondere Erw\u00e4hnung und Empfehlung.\u201c<br \/><a href=\"http:\/\/www.klassik-heute.de\/4daction\/www_medien_einzeln?id=24567&#038;CDS30\" target=\"_blank\" rel=\"noopener\">Holger Sambale [Klassik-Heute.de, 05.01.2024]<\/a><\/p>\r\n<p><strong>Vollendetes Spiel und technische Perfektion\u00a0<\/strong><br \/>\u201eWas f\u00fcr ein wunderbares Programm! [\u2026] Deserno und Le\u010di\u0107 folgen der Intention des Komponisten engagiert aus der \u00fcbersch\u00e4umenden F\u00fclle ihrer technischen Perfektion und ihrer gemeinsamen kammermusikalischen Erfahrung heraus. Es ist eine reine Freude, ihrem vollendeten Spiel zu lauschen.\u201c (<a href=\"https:\/\/www.rondomagazin.de\/kritiken.php?kritiken_id=9322\" target=\"_blank\" rel=\"noopener\"><em>Michael Wersin<\/em>, RONDO<\/a>)<\/p>\r\n\r\n\r\n\r\n<p><strong>Auf den Punkt<\/strong><br \/>\u201eDer riskante Akt gelingt dem Duo Desemo-Lecic rundum \u00fcberzeugend: Mal bohrend virtuos, mal \u00e4therisch verschwebend, in den dramatischen Akzenten derart \u201eauf den Punkt\u201d, dass man beim H\u00f6ren immer wieder vom Sitzm\u00f6bel auffahren m\u00f6chte, dazu insgesamt durch den gewisserma\u00dfen herb-fruchtigen Gesamtklang am schwelgerischen Ausufern gehindert, hat mich diese Einspielung restlos erobert. [\u2026]\u201c (<a href=\"http:\/\/www.klassik-heute.com\/4daction\/www_medien_einzeln?id=21567\" target=\"_blank\" rel=\"noopener\"><em>Rasmus van Rijn<\/em>, Klassik-Heute.com<\/a>)<\/p>\r\n\r\n\r\n\r\n<p><strong>Absolute Hingabe<\/strong><br \/>\u201eManchmal bedarf es keiner Worte und keiner Erkl\u00e4rungen, sondern einfach nur Hingabe an die Musik [\u2026] Sehnsuchtsvoll klang das Spiel der beiden Musiker. Deserno brachte das Cello regelrecht zum Singen, Seufzen und Luft holen. [\u2026] In der Entwicklung vom zarten Beginn zum wild bewegten, tiefen Spiel fesselte Deserno ihre Zuh\u00f6rer. [\u2026] Die absolute Hingabe der Musiker lie\u00df die einzelnen St\u00fccke in ihrem jeweiligen Charakter lebendig werden. Mit der Spielfreude und der charmanten Moderation begeisterten die Kammermusiker das Publikum.\u201c (NordwestZeitung)<\/p>\r\n\r\n\r\n\r\n<p><strong>Ein Genuss!<\/strong><br \/>\u201eWir h\u00f6ren farb- und nuancenreich dargebotene Kammermusik auf hohem Niveau. Balance und Klangmischung sind ideal aufeinander abgestimmt, sowohl im elegisch-gesanglichen Ton als auch im kr\u00e4ftig-zupackenden Modus. Emotionalit\u00e4t und Strukturbewusstsein erg\u00e4nzen einander perfekt. Ein Genuss!\u201c (<a href=\"https:\/\/dasorchester.de\/artikel\/russian-works-for-cello-and-piano\/\" target=\"_blank\" rel=\"noopener\"><em>Gerhard Anders<\/em>, Das Orchester<\/a>)<\/p>\r\n\r\n\r\n\r\n<p><strong>Entdeckungen am laufenden Band<\/strong><br \/>\u201eEntdeckungen gibt es auf dieser CD \u00fcberall, so auch bei den Interpreten: Das Duo Katharina Deserno (Cello) und Nenad Le\u010di\u0107 (Klavier) entpuppt sich als wahrlich gro\u00dfartige Kammermusikformation. So hervorragende Kammermusikaufnahmen h\u00f6rt man nicht alle Tage.\u201c (<a href=\"http:\/\/www.incoda.de\/listener\/reviews\/403\/hommage-a-clara-schumann\" target=\"_blank\" rel=\"noopener\"><em>Rainer Aschemeier<\/em>, The Listener<\/a>)<\/p>\r\n\r\n\r\n\r\n<p><strong>Verliebt in den Klang<\/strong><br \/>\u201eEs dauert wirklich keine zehn Sekunden, und man ist v\u00f6llig verliebt in den Klang, den Katharina Deserno ihrem Cello entlockt. Mit Clara Schumanns &#8220;Romanzen&#8221; beginnt ihre CD \u2013 und mit ihnen das Abtauchen in eine faszinierende Welt voller Poesie, voller Geheimnisse, voller Entdeckungen. [\u2026] Gro\u00dfartige Werke allererster Qualit\u00e4t. Und wenn dann noch so sensationell gut musiziert wird wie hier, ist das Gl\u00fcck absolut perfekt. [\u2026] Klanglich ist diese Produktion eine echte Offenbarung, genauso das eingespielte Repertoire.\u201c (<em>Chr. Schulte im Walde<\/em>, Westf\u00e4lische Nachrichten)<\/p>\r\n\r\n\r\n\r\n<p><strong>Ungetr\u00fcbtes H\u00f6rvergn\u00fcgen<\/strong><br \/>\u201eKatharina Desernos voller, sehniger Celloklang, ihr breites Spektrum klanglicher Valeurs von fl\u00fcsternden Flageoletts bis zur Fortissimo-Attacke, die perfekte Balance und das feine Zusammenspiel des Duos, all dies bereitet ungetr\u00fcbtes H\u00f6rvergn\u00fcgen.\u201c (<a href=\"https:\/\/dasorchester.de\/artikel\/hommage-a-clara-schumann\/\" target=\"_blank\" rel=\"noopener\"><em>Gerhard Anders<\/em>, Das Orchester<\/a>)<\/p>\r\n\r\n\r\n\r\n<p>&#8220;&#8230; auf musikalisch wie spieltechnisch exquisitem Niveau [&#8230;] klangsch\u00f6nes und perfektes Zusammenspiel &#8230;&#8221; (Generalanzeiger K\u00f6ln Bonn)<\/p>\r\n\r\n\r\n\r\n<p>\u201e\u2026 hochkar\u00e4tiges Konzert [\u2026] unter dem Bogen von Katharina Deserno schienen die Melodiephrasen in dynamischer Intensit\u00e4t zu bersten [\u2026] reifes Empfinden f\u00fcr organische Zeitabl\u00e4ufe [\u2026] virtuoses Durchhalteverm\u00f6gen.\u201c (Frankfurter Rundschau)<\/p>\r\n\r\n\r\n\r\n<p>\u201e\u2026 eine objektive und sensible Interpretin.\u201c (El Pa\u00eds)<\/p>\r\n\r\n\r\n\r\n<p>\u201e&#8230;con protagonista magnifica Katharina Deserno &#8230;&#8221;<em> (ABC)<\/em><\/p>\r\n","protected":false},"excerpt":{"rendered":"<p>In den besten H\u00e4nden\u201eKatharina Deserno ist eine exzellente Interpretin dieser Musik, die durch ihr expressives, deklamatorisches, Nuancierungen bewusst auskostendes Spiel&#8230;<\/p>\n","protected":false},"author":1,"featured_media":0,"parent":0,"menu_order":0,"comment_status":"closed","ping_status":"closed","template":"","meta":{"footnotes":""},"class_list":["post-142","page","type-page","status-publish","hentry"],"_links":{"self":[{"href":"https:\/\/katharinadeserno.de\/en\/wp-json\/wp\/v2\/pages\/142","targetHints":{"allow":["GET"]}}],"collection":[{"href":"https:\/\/katharinadeserno.de\/en\/wp-json\/wp\/v2\/pages"}],"about":[{"href":"https:\/\/katharinadeserno.de\/en\/wp-json\/wp\/v2\/types\/page"}],"author":[{"embeddable":true,"href":"https:\/\/katharinadeserno.de\/en\/wp-json\/wp\/v2\/users\/1"}],"replies":[{"embeddable":true,"href":"https:\/\/katharinadeserno.de\/en\/wp-json\/wp\/v2\/comments?post=142"}],"version-history":[{"count":20,"href":"https:\/\/katharinadeserno.de\/en\/wp-json\/wp\/v2\/pages\/142\/revisions"}],"predecessor-version":[{"id":2763,"href":"https:\/\/katharinadeserno.de\/en\/wp-json\/wp\/v2\/pages\/142\/revisions\/2763"}],"wp:attachment":[{"href":"https:\/\/katharinadeserno.de\/en\/wp-json\/wp\/v2\/media?parent=142"}],"curies":[{"name":"wp","href":"https:\/\/api.w.org\/{rel}","templated":true}]}}