{"id":195,"date":"2018-09-05T16:18:07","date_gmt":"2018-09-05T14:18:07","guid":{"rendered":"http:\/\/deserno2018.kaleidos.media\/?page_id=195"},"modified":"2023-02-05T20:52:56","modified_gmt":"2023-02-05T19:52:56","slug":"datenschutz","status":"publish","type":"page","link":"https:\/\/katharinadeserno.de\/en\/datenschutz\/","title":{"rendered":"Datenschutz"},"content":{"rendered":"\r\n<p>Verantwortliche Stelle im Sinne der Datenschutzgesetze, insbesondere der EU-Datenschutzgrundverordnung (DSGVO), ist:<\/p>\r\n\r\n\r\n\r\n<p>Prof. Dr. Katharina Deserno <br \/>info@katharinadeserno.de<\/p>\r\n\r\n\r\n\r\n<h4 class=\"wp-block-heading\">Ihre Betroffenenrechte<\/h4>\r\n\r\n\r\n\r\n<p>Unter den angegebenen Kontaktdaten unseres Datenschutzbeauftragten k\u00f6nnen Sie jederzeit folgende Rechte aus\u00fcben:<\/p>\r\n\r\n\r\n\r\n<ul class=\"wp-block-list\">\r\n<li>Auskunft \u00fcber Ihre bei uns gespeicherten Daten und deren Verarbeitung,<\/li>\r\n\r\n\r\n\r\n<li>Berichtigung unrichtiger personenbezogener Daten,<\/li>\r\n\r\n\r\n\r\n<li>L\u00f6schung Ihrer bei uns gespeicherten Daten,<\/li>\r\n\r\n\r\n\r\n<li>Einschr\u00e4nkung der Datenverarbeitung, sofern wir Ihre Daten aufgrund gesetzlicher Pflichten noch nicht l\u00f6schen d\u00fcrfen,<\/li>\r\n\r\n\r\n\r\n<li>Widerspruch gegen die Verarbeitung Ihrer Daten bei uns und<\/li>\r\n\r\n\r\n\r\n<li>Daten\u00fcbertragbarkeit, sofern Sie in die Datenverarbeitung eingewilligt haben oder einen Vertrag mit uns abgeschlossen haben.<\/li>\r\n<\/ul>\r\n\r\n\r\n\r\n<p>Sofern Sie uns eine Einwilligung erteilt haben, k\u00f6nnen Sie diese jederzeit mit Wirkung f\u00fcr die Zukunft widerrufen.<\/p>\r\n\r\n\r\n\r\n<p>Sie k\u00f6nnen sich jederzeit mit einer Beschwerde an die f\u00fcr Sie zust\u00e4ndige Aufsichtsbeh\u00f6rde wenden. Ihre zust\u00e4ndige Aufsichtsbeh\u00f6rde richtet sich nach dem Bundesland Ihres Wohnsitzes, Ihrer Arbeit oder der mutma\u00dflichen Verletzung. Eine Liste der Aufsichtsbeh\u00f6rden (f\u00fcr den nicht\u00f6ffentlichen Bereich) mit Anschrift finden Sie unter: <a href=\"https:\/\/www.bfdi.bund.de\/DE\/Infothek\/Anschriften_Links\/anschriften_links-node.html\" target=\"_blank\" rel=\"noreferrer noopener\">https:\/\/www.bfdi.bund.de\/DE\/Infothek\/Anschriften_Links\/anschriften_links-node.html<\/a>.<\/p>\r\n\r\n\r\n\r\n<h4 class=\"wp-block-heading\">Zwecke der Datenverarbeitung durch die verantwortliche Stelle und Dritte<\/h4>\r\n\r\n\r\n\r\n<p>Wir verarbeiten Ihre personenbezogenen Daten nur zu den in dieser Datenschutzerkl\u00e4rung genannten Zwecken. Eine \u00dcbermittlung Ihrer pers\u00f6nlichen Daten an Dritte zu anderen als den genannten Zwecken findet nicht statt. Wir geben Ihre pers\u00f6nlichen Daten nur an Dritte weiter, wenn:<\/p>\r\n\r\n\r\n\r\n<ul class=\"wp-block-list\">\r\n<li>Sie Ihre ausdr\u00fcckliche Einwilligung dazu erteilt haben,<\/li>\r\n\r\n\r\n\r\n<li>die Verarbeitung zur Abwicklung eines Vertrags mit Ihnen erforderlich ist,<\/li>\r\n\r\n\r\n\r\n<li>die Verarbeitung zur Erf\u00fcllung einer rechtlichen Verpflichtung erforderlich ist,<\/li>\r\n<\/ul>\r\n\r\n\r\n\r\n<p>die Verarbeitung zur Wahrung berechtigter Interessen erforderlich ist und kein Grund zur Annahme besteht, dass Sie ein \u00fcberwiegendes schutzw\u00fcrdiges Interesse an der Nichtweitergabe Ihrer Daten haben.<\/p>\r\n\r\n\r\n\r\n<h4 class=\"wp-block-heading\">L\u00f6schung bzw. Sperrung der Daten<\/h4>\r\n\r\n\r\n\r\n<p>Wir halten uns an die Grunds\u00e4tze der Datenvermeidung und Datensparsamkeit. Wir speichern Ihre personenbezogenen Daten daher nur so lange, wie dies zur Erreichung der hier genannten Zwecke erforderlich ist oder wie es die vom Gesetzgeber vorgesehenen vielf\u00e4ltigen Speicherfristen vorsehen. Nach Fortfall des jeweiligen Zweckes bzw. Ablauf dieser Fristen werden die entsprechenden Daten routinem\u00e4\u00dfig und entsprechend den gesetzlichen Vorschriften gesperrt oder gel\u00f6scht.<\/p>\r\n\r\n\r\n\r\n<h4 class=\"wp-block-heading\">Erfassung allgemeiner Informationen beim Besuch unserer Website<\/h4>\r\n\r\n\r\n\r\n<p>Wenn Sie auf unsere Website zugreifen, werden automatisch mittels eines Cookies Informationen allgemeiner Natur erfasst. Diese Informationen (Server-Logfiles) beinhalten etwa die Art des Webbrowsers, das verwendete Betriebssystem, den Domainnamen Ihres Internet-Service-Providers und \u00e4hnliches. Hierbei handelt es sich ausschlie\u00dflich um Informationen, welche keine R\u00fcckschl\u00fcsse auf Ihre Person zulassen.<\/p>\r\n\r\n\r\n\r\n<p>Diese Informationen sind technisch notwendig, um von Ihnen angeforderte Inhalte von Webseiten korrekt auszuliefern und fallen bei Nutzung des Internets zwingend an. Sie werden insbesondere zu folgenden Zwecken verarbeitet:<\/p>\r\n\r\n\r\n\r\n<ul class=\"wp-block-list\">\r\n<li>Sicherstellung eines problemlosen Verbindungsaufbaus der Website,<\/li>\r\n\r\n\r\n\r\n<li>Sicherstellung einer reibungslosen Nutzung unserer Website,<\/li>\r\n\r\n\r\n\r\n<li>Auswertung der Systemsicherheit und -stabilit\u00e4t sowie<\/li>\r\n\r\n\r\n\r\n<li>zu weiteren administrativen Zwecken.<\/li>\r\n<\/ul>\r\n\r\n\r\n\r\n<p>Die Verarbeitung Ihrer personenbezogenen Daten basiert auf unserem berechtigten Interesse aus den vorgenannten Zwecken zur Datenerhebung. Wir verwenden Ihre Daten nicht, um R\u00fcckschl\u00fcsse auf Ihre Person zu ziehen. Empf\u00e4nger der Daten sind nur die verantwortliche Stelle und ggf. Auftragsverarbeiter.<\/p>\r\n\r\n\r\n\r\n<p>Anonyme Informationen dieser Art werden von uns ggfs. statistisch ausgewertet, um unseren Internetauftritt und die dahinterstehende Technik zu optimieren.<\/p>\r\n\r\n\r\n\r\n<h4 class=\"wp-block-heading\">Cookies<\/h4>\r\n<p>Wie viele andere Webseiten verwenden wir auch so genannte \u201eCookies\u201c. Cookies sind kleine Textdateien, die von einem Websiteserver auf Ihre Festplatte \u00fcbertragen werden. Cookies k\u00f6nnen nicht verwendet werden, um Programme zu starten oder Viren auf einen Computer zu \u00fcbertragen. Anhand der in Cookies enthaltenen Informationen k\u00f6nnen wir Ihnen die Navigation erleichtern und die korrekte Anzeige unserer Webseiten erm\u00f6glichen.<\/p>\r\n<p>\r\n\r\n<\/p>\r\n<p>\r\n\r\n<\/p>\r\n<p>Die meisten der von uns verwendeten Cookies sind so genannte \u201cSession-Cookies\u201d. Sie werden nach Ende Ihres Besuchs automatisch gel\u00f6scht. Andere Cookies bleiben auf Ihrem Endger\u00e4t gespeichert bis Sie diese l\u00f6schen. Diese Cookies erm\u00f6glichen es uns, Ihren Browser beim n\u00e4chsten Besuch wiederzuerkennen.<\/p>\r\n<p>\r\n\r\n<\/p>\r\n<p>Nat\u00fcrlich k\u00f6nnen Sie unsere Website grunds\u00e4tzlich auch ohne Cookies betrachten. Internet-Browser sind regelm\u00e4\u00dfig so eingestellt, dass sie Cookies akzeptieren. Im Allgemeinen k\u00f6nnen Sie die Verwendung von Cookies jederzeit \u00fcber die Einstellungen Ihres Browsers deaktivieren. Bitte verwenden Sie die Hilfefunktionen Ihres Internetbrowsers, um zu erfahren, wie Sie diese Einstellungen \u00e4ndern k\u00f6nnen. Bitte beachten Sie, dass einzelne Funktionen unserer Website m\u00f6glicherweise nicht funktionieren, wenn Sie die Verwendung von Cookies deaktiviert haben.<\/p>\r\n<p>\r\n\r\n<\/p>\r\n<p>Cookies, die zur Durchf\u00fchrung des elektronischen Kommunikationsvorgangs oder zur Bereitstellung bestimmter Funktionen\u00a0 erforderlich sind, werden auf Grundlage von Art. 6 Abs. 1 lit. f DSGVO gespeichert. Der Websitebetreiber hat ein berechtigtes Interesse an der Speicherung von Cookies zur technisch fehlerfreien und optimierten Bereitstellung seiner Dienste.<\/p>\r\n<p>Das auf unserer Website angezeigte Cookie-Einwilligungs-Banner (CookieYes) zeichnet die Antwort des Nutzers auf und setzt auf der Grundlage dieser Antwort Cookies. Wenn der Nutzer alle Cookies akzeptiert, werden auch alle Cookies in seinem Browser gesetzt. Wenn sie alle Cookies ablehnen, werden nur unbedingt notwendige Cookies (die grundlegend f\u00fcr das ordnungsgem\u00e4\u00dfe Funktionieren der Website sind) gesetzt. Wenn sie ihre Cookie-Pr\u00e4ferenzen anpassen, werden nur die Cookie-Kategorien, die sie aktiviert haben, in ihrem Browser gespeichert. Ihre Einstellungen k\u00f6nnen Sie jederzeit \u00fcber den Button links unten auf der Website \u00e4ndern und erneut speichern.<\/p>\r\n\r\n\r\n\r\n\r\n\r\n<h4 class=\"wp-block-heading\">SSL-Verschl\u00fcsselung<\/h4>\r\n\r\n\r\n\r\n<p>Um die Sicherheit Ihrer Daten bei der \u00dcbertragung zu sch\u00fctzen, verwenden wir dem aktuellen Stand der Technik entsprechende Verschl\u00fcsselungsverfahren (z.B. SSL) \u00fcber HTTPS.<\/p>\r\n\r\n\r\n\r\n<h4 class=\"wp-block-heading\">Kontaktformular<\/h4>\r\n\r\n\r\n\r\n<p>Treten Sie bzgl. Fragen jeglicher Art per E-Mail oder Kontaktformular mit uns in Kontakt, erteilen Sie uns zum Zwecke der Kontaktaufnahme Ihre freiwillige Einwilligung. Hierf\u00fcr ist die Angabe Ihres Namens und einer validen E-Mail-Adresse erforderlich. Diese dient der Zuordnung der Anfrage und der anschlie\u00dfenden Beantwortung derselben. Die Angabe weiterer Daten ist optional. Die von Ihnen gemachten Angaben werden zum Zwecke der Bearbeitung der Anfrage sowie f\u00fcr m\u00f6gliche Anschlussfragen gespeichert. Nach Erledigung der von Ihnen gestellten Anfrage werden personenbezogene Daten automatisch gel\u00f6scht.<\/p>\r\n\r\n\r\n\r\n<h4 class=\"wp-block-heading\">Verwendung von Google Webfonts<\/h4>\r\n\r\n\r\n\r\n<p>Um unsere Inhalte browser\u00fcbergreifend einheitlich und grafisch ansprechend darzustellen, verwenden wir auf dieser Webseite Google Webfonts (<a href=\"http:\/\/www.google.com\/webfonts\/\">https:\/\/www.google.com\/webfonts\/<\/a>).<\/p>\r\n\r\n\r\n\r\n<p>Wir haben die Fonts lokal (d.h. auf unserem Webserver) eingebunden. Dadurch gibt es keine Verbindung zu Google-Servern und auch keine Daten\u00fcbertragung oder Speicherung.<\/p>\r\n\r\n\r\n\r\n<h4 class=\"wp-block-heading\">Eingebettete YouTube-Videos<\/h4>\r\n\r\n\r\n\r\n<p>Auf einigen unserer Webseiten betten wir Youtube-Videos ein. Betreiber der entsprechenden Plugins ist die YouTube LLC, 901 Cherry Ave., San Bruno, CA 94066, USA, die zu der Google LLC., 1600 Amphitheatre Parkway, Mountain View, CA 94043, USA (\u201eGoogle\u201c) geh\u00f6rt.<\/p>\r\n\r\n\r\n\r\n<p>Hierbei wird der erweiterte Datenschutzmodus verwendet, der nach Anbieterangaben eine Speicherung von Nutzerinformationen erst bei Wiedergabe des\/der Videos in Gang setzt. Wird die Wiedergabe eingebetteter Youtube-Videos gestartet, setzt der Anbieter \u201eYoutube\u201c Cookies ein, um Informationen \u00fcber das Nutzerverhalten zu sammeln. Hinweisen von \u201eYoutube\u201c zufolge dienen diese unter anderem dazu, Videostatistiken zu erfassen, die Nutzerfreundlichkeit zu verbessern und missbr\u00e4uchliche Handlungsweisen zu unterbinden. Wenn Sie bei Google eingeloggt sind, werden Ihre Daten direkt Ihrem Konto zugeordnet, wenn Sie ein Video anklicken. Wenn Sie die Zuordnung mit Ihrem Profil bei YouTube nicht w\u00fcnschen, m\u00fcssen Sie sich vor Aktivierung des Buttons ausloggen. Google speichert Ihre Daten (selbst f\u00fcr nicht eingeloggte Nutzer) als Nutzungsprofile und wertet diese aus. Eine solche Auswertung erfolgt insbesondere gem\u00e4\u00df Art. 6 Abs. 1 lit.f DSGVO auf Basis der berechtigten Interessen von Google an der Einblendung personalisierter Werbung, Marktforschung und\/oder bedarfsgerechten Gestaltung seiner Website. Ihnen steht ein Widerspruchsrecht zu gegen die Bildung dieser Nutzerprofile, wobei Sie sich zur Aus\u00fcbung dessen an YouTube richten m\u00fcssen.<\/p>\r\n\r\n\r\n\r\n<p>Unabh\u00e4ngig von einer Wiedergabe der eingebetteten Videos wird bei jedem Aufruf dieser Website eine Verbindung zum Google-Netzwerk \u201eDoubleClick\u201c aufgenommen, was ohne unseren Einfluss weitere Datenverarbeitungsvorg\u00e4nge ausl\u00f6sen kann.<\/p>\r\n\r\n\r\n\r\n<p>Google LLC mit Sitz in den USA ist f\u00fcr das us-europ\u00e4ische Datenschutz\u00fcbereinkommen \u201ePrivacy Shield\u201c zertifiziert, welches die Einhaltung des in der EU geltenden Datenschutzniveaus gew\u00e4hrleistet.<\/p>\r\n\r\n\r\n\r\n<p>Weitere Informationen zum Datenschutz bei \u201eYouTube\u201c finden Sie in der Datenschutzerkl\u00e4rung des Anbieters unter: <a href=\"https:\/\/www.google.de\/intl\/de\/policies\/privacy\/\">https:\/\/www.google.de\/intl\/de\/policies\/privacy\/ <\/a><\/p>\r\n\r\n\r\n\r\n<h4 class=\"wp-block-heading\">Verwendung von JavaScript-Code (jquery.com)<\/h4>\r\n\r\n\r\n\r\n<p>Auf unseren Seiten kann JavaScript-Code von jquery.com (JSFoundation, Inc., Attn: Privacy Office, 1 Letterman Drive, San Francisco, CA 94129, USA) integriert sein.<\/p>\r\n\r\n\r\n\r\n<p>Die Nutzung des JavaScript-Code von jquery.com erfolgt im Interesse einer ansprechenden und schnellen Darstellung unserer Online-Angebote. Dies stellt ein berechtigtes Interesse im Sinne von Art. 6 Abs. 1 lit. f DSGVO dar.<\/p>\r\n\r\n\r\n\r\n<p>Wenn Sie unsere Seiten besuchen, wird eine direkte Verbindung zwischen Ihrem Browser und den Servern von jquery.com hergestellt. jquery.com erh\u00e4lt dadurch die Information, dass Sie mit Ihrer IP-Adresse unsere Seite besuchen. Sie k\u00f6nnen dies verhindern, indem Sie einen Java-Script-Blocker wie z.B. das Browser-Plug-In \u201aNoScript\u2018 installieren (<a href=\"http:\/\/www.noscript.net\" target=\"_blank\" rel=\"noreferrer noopener\">www.noscript.net<\/a>\u00a0) oder JavaScript in Ihrem Browser deaktivieren. Hierdurch kann es zu Funktionseinschr\u00e4nkungen auf einigen Internetseiten kommen, die Sie besuchen.<\/p>\r\n\r\n\r\n\r\n<p>Weitere Informationen zum Umgang mit Nutzerdaten finden Sie in der Datenschutzerkl\u00e4rung von JSFoundation unter: <a href=\"https:\/\/www.knipsclub.de\/weiterleitung\/?url=https%3A%2F%2Fjs.foundation%2Fabout%2Fgovernance%2Fprivacy-policy\" target=\"_blank\" rel=\"noreferrer noopener\">https:\/\/js.foundation\/about\/governance\/privacy-policy<\/a><\/p>\r\n\r\n\r\n\r\n<h4 class=\"wp-block-heading\"><strong>\u00c4nderung unserer Datenschutzbestimmungen<\/strong><\/h4>\r\n\r\n\r\n\r\n<p>Wir behalten uns vor, diese Datenschutzerkl\u00e4rung anzupassen, damit sie stets den aktuellen rechtlichen Anforderungen entspricht oder um \u00c4nderungen unserer Leistungen in der Datenschutzerkl\u00e4rung umzusetzen, z.B. bei der Einf\u00fchrung neuer Services. F\u00fcr Ihren erneuten Besuch gilt dann die neue Datenschutzerkl\u00e4rung.<\/p>\r\n\r\n\r\n\r\n<h4 class=\"wp-block-heading\"><strong>Fragen an den Datenschutzbeauftragten<\/strong><\/h4>\r\n\r\n\r\n\r\n<p>Wenn Sie Fragen zum Datenschutz haben, schreiben Sie bitte eine E-Mail oder wenden Sie sich direkt an die f\u00fcr den Datenschutz verantwortliche Person (Kontaktdaten s.o.)<\/p>\r\n","protected":false},"excerpt":{"rendered":"<p>Verantwortliche Stelle im Sinne der Datenschutzgesetze, insbesondere der EU-Datenschutzgrundverordnung (DSGVO), ist: Prof. Dr. Katharina Deserno info@katharinadeserno.de Ihre Betroffenenrechte Unter den&#8230;<\/p>\n","protected":false},"author":1,"featured_media":0,"parent":0,"menu_order":0,"comment_status":"closed","ping_status":"closed","template":"","meta":{"footnotes":""},"class_list":["post-195","page","type-page","status-publish","hentry"],"_links":{"self":[{"href":"https:\/\/katharinadeserno.de\/en\/wp-json\/wp\/v2\/pages\/195","targetHints":{"allow":["GET"]}}],"collection":[{"href":"https:\/\/katharinadeserno.de\/en\/wp-json\/wp\/v2\/pages"}],"about":[{"href":"https:\/\/katharinadeserno.de\/en\/wp-json\/wp\/v2\/types\/page"}],"author":[{"embeddable":true,"href":"https:\/\/katharinadeserno.de\/en\/wp-json\/wp\/v2\/users\/1"}],"replies":[{"embeddable":true,"href":"https:\/\/katharinadeserno.de\/en\/wp-json\/wp\/v2\/comments?post=195"}],"version-history":[{"count":10,"href":"https:\/\/katharinadeserno.de\/en\/wp-json\/wp\/v2\/pages\/195\/revisions"}],"predecessor-version":[{"id":2156,"href":"https:\/\/katharinadeserno.de\/en\/wp-json\/wp\/v2\/pages\/195\/revisions\/2156"}],"wp:attachment":[{"href":"https:\/\/katharinadeserno.de\/en\/wp-json\/wp\/v2\/media?parent=195"}],"curies":[{"name":"wp","href":"https:\/\/api.w.org\/{rel}","templated":true}]}}